{"id":75,"date":"2024-12-17T12:33:01","date_gmt":"2024-12-17T12:33:01","guid":{"rendered":"https:\/\/www.stopredal.com\/?page_id=75"},"modified":"2025-05-20T11:16:31","modified_gmt":"2025-05-20T11:16:31","slug":"contacto","status":"publish","type":"page","link":"https:\/\/www.stopredal.com\/ca\/contacto\/","title":{"rendered":"CONTACTE"},"content":{"rendered":"\t\t<div data-elementor-type=\"wp-page\" data-elementor-id=\"75\" class=\"elementor elementor-75\">\n\t\t\t\t<div class=\"elementor-element elementor-element-d4aafbf e-flex e-con-boxed wpr-particle-no wpr-jarallax-no wpr-parallax-no wpr-sticky-section-no e-con e-parent\" data-id=\"d4aafbf\" data-element_type=\"container\" data-e-type=\"container\">\n\t\t\t\t\t<div class=\"e-con-inner\">\n\t\t<div class=\"elementor-element elementor-element-eefd9e3 e-con-full e-flex wpr-particle-no wpr-jarallax-no wpr-parallax-no wpr-sticky-section-no e-con e-child\" data-id=\"eefd9e3\" data-element_type=\"container\" data-e-type=\"container\">\n\t\t\t\t<div class=\"elementor-element elementor-element-3e1fe87 elementor-widget elementor-widget-heading\" data-id=\"3e1fe87\" data-element_type=\"widget\" data-e-type=\"widget\" data-widget_type=\"heading.default\">\n\t\t\t\t<div class=\"elementor-widget-container\">\n\t\t\t\t\t<h2 class=\"elementor-heading-title elementor-size-default\">CONTACTO<\/h2>\t\t\t\t<\/div>\n\t\t\t\t<\/div>\n\t\t\t\t<div class=\"elementor-element elementor-element-30b7196 elementor-widget elementor-widget-text-editor\" data-id=\"30b7196\" data-element_type=\"widget\" data-e-type=\"widget\" data-widget_type=\"text-editor.default\">\n\t\t\t\t<div class=\"elementor-widget-container\">\n\t\t\t\t\t\t\t\t\t<div class=\"col-lg-12 col-md-12 align-self-lg-center\">\n<div class=\"contact\">\n<div class=\"row\">\n<div class=\"col-lg-4 col-md-4 \">\n<div class=\"row m-0\">\n<div class=\"col-lg-2 col-md-3 p-0\"><img decoding=\"async\" role=\"img\" src=\"https:\/\/www.stopredal.com\/wp-content\/themes\/vw-lawyer-attorney\/images\/icon2.png\" alt=\"Call Image\" \/><\/div>\n<div class=\"col-lg-10 col-md-9 call-add\">\n<p class=\"diff-lay\"><a href=\"tel:+34 670790164\">+34 670790164<\/a><\/p>\n<p class=\"con-email\"><a href=\"mailto:info1@stopredal.com\">info@stopredal.com<\/a><\/p>\n\n<\/div>\n<\/div>\n<\/div>\n<div class=\"col-lg-4 col-md-4\">\n<div class=\"row m-0\">\n<div class=\"col-lg-2 col-md-3 p-0\"><img decoding=\"async\" role=\"img\" src=\"https:\/\/www.stopredal.com\/wp-content\/themes\/vw-lawyer-attorney\/images\/icon1.png\" alt=\"Location Image\" \/><\/div>\n<div class=\"col-lg-10 col-md-9 call-add\">\n<p class=\"diff-lay\">Rambla del Mestre Pere Pou, 13, Local 1<\/p>\n08184 Palau-solit\u00e0 i Plegamans, Barcelona, Espa\u00f1a\n\n<\/div>\n<\/div>\n<\/div>\n<div class=\"col-lg-4 col-md-4 p-0\">\n<div class=\"row m-0\">\n<div class=\"col-lg-2 col-md-3 p-0\"><img decoding=\"async\" role=\"img\" src=\"https:\/\/www.stopredal.com\/wp-content\/themes\/vw-lawyer-attorney\/images\/icon3.png\" alt=\"Time Image\" \/><\/div>\n<div class=\"col-lg-10 col-md-9\">\n<p class=\"diff-lay\">DL a DV<\/p>\n09:00-14h | 16:00-19h\n\n<\/div>\n<\/div>\n<\/div>\n<\/div>\n<\/div>\n<\/div>\t\t\t\t\t\t\t\t<\/div>\n\t\t\t\t<\/div>\n\t\t\t\t<\/div>\n\t\t\t\t\t<\/div>\n\t\t\t\t<\/div>\n\t\t<div class=\"elementor-element elementor-element-5ccb57b e-flex e-con-boxed wpr-particle-no wpr-jarallax-no wpr-parallax-no wpr-sticky-section-no e-con e-parent\" data-id=\"5ccb57b\" data-element_type=\"container\" data-e-type=\"container\">\n\t\t\t\t\t<div class=\"e-con-inner\">\n\t\t<div class=\"elementor-element elementor-element-4b50b2e e-con-full e-flex wpr-particle-no wpr-jarallax-no wpr-parallax-no wpr-sticky-section-no e-con e-child\" data-id=\"4b50b2e\" data-element_type=\"container\" data-e-type=\"container\">\n\t\t\t\t<\/div>\n\t\t<div class=\"elementor-element elementor-element-bfcfc5a e-con-full e-flex wpr-particle-no wpr-jarallax-no wpr-parallax-no wpr-sticky-section-no e-con e-child\" data-id=\"bfcfc5a\" data-element_type=\"container\" data-e-type=\"container\">\n\t\t\t\t<div class=\"elementor-element elementor-element-2d6e387 elementor-widget elementor-widget-shortcode\" data-id=\"2d6e387\" data-element_type=\"widget\" data-e-type=\"widget\" data-widget_type=\"shortcode.default\">\n\t\t\t\t<div class=\"elementor-widget-container\">\n\t\t\t\t\t\t\t<div class=\"elementor-shortcode\"><style id=\"wpforms-css-vars-279\">\n\t\t\t\t#wpforms-279 {\n\t\t\t\t\n\t\t\t}\n\t\t\t<\/style><div class=\"wpforms-container wpforms-container-full wpforms-render-modern\" id=\"wpforms-279\"><form id=\"wpforms-form-279\" class=\"wpforms-validate wpforms-form wpforms-ajax-form\" data-formid=\"279\" method=\"post\" enctype=\"multipart\/form-data\" action=\"\/ca\/wp-json\/wp\/v2\/pages\/75\" data-token=\"b394cf2b4573a1db899ccf431929ed89\" data-token-time=\"1778727384\"><noscript class=\"wpforms-error-noscript\">Activeu el JavaScript al navegador per a poder completar el formulari.<\/noscript><div id=\"wpforms-error-noscript\" style=\"display: none;\">Activeu el JavaScript al navegador per a poder completar el formulari.<\/div><div class=\"wpforms-field-container\"><div id=\"wpforms-279-field_1-container\" class=\"wpforms-field wpforms-field-name\" data-field-id=\"1\"><fieldset><legend class=\"wpforms-field-label\">Nombre <span class=\"wpforms-required-label\" aria-hidden=\"true\">*<\/span><\/legend><div class=\"wpforms-field-row wpforms-field-large\"><div class=\"wpforms-field-row-block wpforms-first wpforms-one-half\"><input type=\"text\" id=\"wpforms-279-field_1\" class=\"wpforms-field-name-first wpforms-field-required\" name=\"wpforms[fields][1][first]\" aria-errormessage=\"wpforms-279-field_1-error\" required><label for=\"wpforms-279-field_1\" class=\"wpforms-field-sublabel after\">Nom<\/label><\/div><div class=\"wpforms-field-row-block wpforms-one-half\"><input type=\"text\" id=\"wpforms-279-field_1-last\" class=\"wpforms-field-name-last wpforms-field-required\" name=\"wpforms[fields][1][last]\" aria-errormessage=\"wpforms-279-field_1-last-error\" required><label for=\"wpforms-279-field_1-last\" class=\"wpforms-field-sublabel after\">Cognoms<\/label><\/div><\/div><\/fieldset><\/div>\t\t<div id=\"wpforms-279-field_5-container\"\n\t\t\tclass=\"wpforms-field wpforms-field-text\"\n\t\t\tdata-field-type=\"text\"\n\t\t\tdata-field-id=\"5\"\n\t\t\t>\n\t\t\t<label class=\"wpforms-field-label\" for=\"wpforms-279-field_5\" >Nombre o mensaje<\/label>\n\t\t\t<input type=\"text\" id=\"wpforms-279-field_5\" class=\"wpforms-field-medium\" name=\"wpforms[fields][5]\" >\n\t\t<\/div>\n\t\t<div id=\"wpforms-279-field_2-container\" class=\"wpforms-field wpforms-field-email\" data-field-id=\"2\"><label class=\"wpforms-field-label\" for=\"wpforms-279-field_2\">Correo electr\u00f3nico <span class=\"wpforms-required-label\" aria-hidden=\"true\">*<\/span><\/label><input type=\"email\" id=\"wpforms-279-field_2\" class=\"wpforms-field-large wpforms-field-required\" name=\"wpforms[fields][2]\" spellcheck=\"false\" aria-errormessage=\"wpforms-279-field_2-error\" required><\/div><div id=\"wpforms-279-field_3-container\" class=\"wpforms-field wpforms-field-textarea\" data-field-id=\"3\"><label class=\"wpforms-field-label\" for=\"wpforms-279-field_3\">Comentario o mensaje<\/label><textarea id=\"wpforms-279-field_3\" class=\"wpforms-field-medium\" name=\"wpforms[fields][3]\" aria-errormessage=\"wpforms-279-field_3-error\" ><\/textarea><\/div><div id=\"wpforms-279-field_4-container\" class=\"wpforms-field wpforms-field-gdpr-checkbox\" data-field-id=\"4\"><label class=\"wpforms-field-label\">Acuerdo RGPD <span class=\"wpforms-required-label\" aria-hidden=\"true\">*<\/span><\/label><ul id=\"wpforms-279-field_4\" class=\"wpforms-field-required\"><li class=\"choice-1\"><input type=\"checkbox\" id=\"wpforms-279-field_4_1\" name=\"wpforms[fields][4][]\" value=\"Doy mi consentimiento para que esta web almacene la informaci\u00f3n que env\u00edo para que puedan responder a mi petici\u00f3n.\" aria-errormessage=\"wpforms-279-field_4_1-error\" required ><label class=\"wpforms-field-label-inline\" for=\"wpforms-279-field_4_1\">Doy mi consentimiento para que esta web almacene la informaci\u00f3n que env\u00edo para que puedan responder a mi petici\u00f3n.<\/label><\/li><\/ul><\/div><script>\n\t\t\t\t( function() {\n\t\t\t\t\tconst style = document.createElement( 'style' );\n\t\t\t\t\tstyle.appendChild( document.createTextNode( '#wpforms-279-field_5-container { position: absolute !important; overflow: hidden !important; display: inline !important; height: 1px !important; width: 1px !important; z-index: -1000 !important; padding: 0 !important; } #wpforms-279-field_5-container input { visibility: hidden; } #wpforms-conversational-form-page #wpforms-279-field_5-container label { counter-increment: none; }' ) );\n\t\t\t\t\tdocument.head.appendChild( style );\n\t\t\t\t\tdocument.currentScript?.remove();\n\t\t\t\t} )();\n\t\t\t<\/script><\/div><!-- .wpforms-field-container --><div class=\"wpforms-recaptcha-container wpforms-is-recaptcha wpforms-is-recaptcha-type-v3\" ><input type=\"hidden\" name=\"wpforms[recaptcha]\" value=\"\"><\/div><div class=\"wpforms-submit-container\" ><input type=\"hidden\" name=\"wpforms[id]\" value=\"279\"><input type=\"hidden\" name=\"page_title\" value=\"\"><input type=\"hidden\" name=\"page_url\" value=\"https:\/\/www.stopredal.com\/ca\/wp-json\/wp\/v2\/pages\/75\"><input type=\"hidden\" name=\"url_referer\" value=\"\"><button type=\"submit\" name=\"wpforms[submit]\" id=\"wpforms-submit-279\" class=\"wpforms-submit\" data-alt-text=\"Enviando...\" data-submit-text=\"Enviar\" aria-live=\"assertive\" value=\"wpforms-submit\">Enviar<\/button><img decoding=\"async\" src=\"https:\/\/www.stopredal.com\/wp-content\/plugins\/wpforms-lite\/assets\/images\/submit-spin.svg\" class=\"wpforms-submit-spinner\" style=\"display: none;\" width=\"26\" height=\"26\" alt=\"S&#039;est\u00e0 carregant\"><\/div><\/form><\/div>  <!-- .wpforms-container --><\/div>\n\t\t\t\t\t\t<\/div>\n\t\t\t\t<\/div>\n\t\t\t\t<\/div>\n\t\t<div class=\"elementor-element elementor-element-58b829d e-con-full e-flex wpr-particle-no wpr-jarallax-no wpr-parallax-no wpr-sticky-section-no e-con e-child\" data-id=\"58b829d\" data-element_type=\"container\" data-e-type=\"container\">\n\t\t\t\t<\/div>\n\t\t\t\t\t<\/div>\n\t\t\t\t<\/div>\n\t\t<div class=\"elementor-element elementor-element-969e77a e-flex e-con-boxed wpr-particle-no wpr-jarallax-no wpr-parallax-no wpr-sticky-section-no e-con e-parent\" data-id=\"969e77a\" data-element_type=\"container\" data-e-type=\"container\">\n\t\t\t\t\t<div class=\"e-con-inner\">\n\t\t\t\t\t<\/div>\n\t\t\t\t<\/div>\n\t\t\t\t<\/div>\n\t\t","protected":false},"excerpt":{"rendered":"<p>CONTACTO +34 670790164 info@stopredal.com Rambla del Mestre Pere Pou, 13, Local 1 08184 Palau-solit\u00e0 i Plegamans, Barcelona, Espa\u00f1a DL a DV 09:00-14h | 16:00-19h<\/p>","protected":false},"author":1,"featured_media":0,"parent":0,"menu_order":0,"comment_status":"closed","ping_status":"closed","template":"elementor_header_footer","meta":{"footnotes":""},"class_list":["post-75","page","type-page","status-publish","hentry"],"yoast_head":"<!-- This site is optimized with the Yoast SEO plugin v27.3 - https:\/\/yoast.com\/product\/yoast-seo-wordpress\/ -->\n<title>CONTACTO - Stopredal<\/title>\n<meta name=\"robots\" content=\"index, follow, max-snippet:-1, max-image-preview:large, max-video-preview:-1\" \/>\n<link rel=\"canonical\" href=\"https:\/\/www.stopredal.com\/ca\/contacto\/\" \/>\n<meta property=\"og:locale\" content=\"ca_ES\" \/>\n<meta property=\"og:type\" content=\"article\" \/>\n<meta property=\"og:title\" content=\"CONTACTO - Stopredal\" \/>\n<meta property=\"og:description\" content=\"CONTACTO +34 670790164 info@stopredal.com Rambla del Mestre Pere Pou, 13, Local 1 08184 Palau-solit\u00e0 i Plegamans, Barcelona, Espa\u00f1a DL a DV 09:00-14h | 16:00-19h\" \/>\n<meta property=\"og:url\" content=\"https:\/\/www.stopredal.com\/ca\/contacto\/\" \/>\n<meta property=\"og:site_name\" content=\"Stopredal\" \/>\n<meta property=\"article:modified_time\" content=\"2025-05-20T11:16:31+00:00\" \/>\n<meta property=\"og:image\" content=\"https:\/\/www.stopredal.com\/wp-content\/themes\/vw-lawyer-attorney\/images\/icon2.png\" \/>\n<meta name=\"twitter:card\" content=\"summary_large_image\" \/>\n<script type=\"application\/ld+json\" class=\"yoast-schema-graph\">{\"@context\":\"https:\\\/\\\/schema.org\",\"@graph\":[{\"@type\":\"WebPage\",\"@id\":\"https:\\\/\\\/www.stopredal.com\\\/contacto\\\/\",\"url\":\"https:\\\/\\\/www.stopredal.com\\\/contacto\\\/\",\"name\":\"CONTACTO - Stopredal\",\"isPartOf\":{\"@id\":\"https:\\\/\\\/www.stopredal.com\\\/#website\"},\"primaryImageOfPage\":{\"@id\":\"https:\\\/\\\/www.stopredal.com\\\/contacto\\\/#primaryimage\"},\"image\":{\"@id\":\"https:\\\/\\\/www.stopredal.com\\\/contacto\\\/#primaryimage\"},\"thumbnailUrl\":\"https:\\\/\\\/www.stopredal.com\\\/wp-content\\\/themes\\\/vw-lawyer-attorney\\\/images\\\/icon2.png\",\"datePublished\":\"2024-12-17T12:33:01+00:00\",\"dateModified\":\"2025-05-20T11:16:31+00:00\",\"breadcrumb\":{\"@id\":\"https:\\\/\\\/www.stopredal.com\\\/contacto\\\/#breadcrumb\"},\"inLanguage\":\"ca\",\"potentialAction\":[{\"@type\":\"ReadAction\",\"target\":[\"https:\\\/\\\/www.stopredal.com\\\/contacto\\\/\"]}]},{\"@type\":\"ImageObject\",\"inLanguage\":\"ca\",\"@id\":\"https:\\\/\\\/www.stopredal.com\\\/contacto\\\/#primaryimage\",\"url\":\"https:\\\/\\\/www.stopredal.com\\\/wp-content\\\/themes\\\/vw-lawyer-attorney\\\/images\\\/icon2.png\",\"contentUrl\":\"https:\\\/\\\/www.stopredal.com\\\/wp-content\\\/themes\\\/vw-lawyer-attorney\\\/images\\\/icon2.png\"},{\"@type\":\"BreadcrumbList\",\"@id\":\"https:\\\/\\\/www.stopredal.com\\\/contacto\\\/#breadcrumb\",\"itemListElement\":[{\"@type\":\"ListItem\",\"position\":1,\"name\":\"Portada\",\"item\":\"https:\\\/\\\/www.stopredal.com\\\/\"},{\"@type\":\"ListItem\",\"position\":2,\"name\":\"CONTACTO\"}]},{\"@type\":\"WebSite\",\"@id\":\"https:\\\/\\\/www.stopredal.com\\\/#website\",\"url\":\"https:\\\/\\\/www.stopredal.com\\\/\",\"name\":\"Stopredal\",\"description\":\"Stopredal\",\"publisher\":{\"@id\":\"https:\\\/\\\/www.stopredal.com\\\/#organization\"},\"potentialAction\":[{\"@type\":\"SearchAction\",\"target\":{\"@type\":\"EntryPoint\",\"urlTemplate\":\"https:\\\/\\\/www.stopredal.com\\\/?s={search_term_string}\"},\"query-input\":{\"@type\":\"PropertyValueSpecification\",\"valueRequired\":true,\"valueName\":\"search_term_string\"}}],\"inLanguage\":\"ca\"},{\"@type\":\"Organization\",\"@id\":\"https:\\\/\\\/www.stopredal.com\\\/#organization\",\"name\":\"Stopredal\",\"url\":\"https:\\\/\\\/www.stopredal.com\\\/\",\"logo\":{\"@type\":\"ImageObject\",\"inLanguage\":\"ca\",\"@id\":\"https:\\\/\\\/www.stopredal.com\\\/#\\\/schema\\\/logo\\\/image\\\/\",\"url\":\"https:\\\/\\\/www.stopredal.com\\\/wp-content\\\/uploads\\\/2024\\\/09\\\/cropped-LOGO_SR_FuenteBlanco_Contornos-FAVICON-copia-3.png\",\"contentUrl\":\"https:\\\/\\\/www.stopredal.com\\\/wp-content\\\/uploads\\\/2024\\\/09\\\/cropped-LOGO_SR_FuenteBlanco_Contornos-FAVICON-copia-3.png\",\"width\":240,\"height\":240,\"caption\":\"Stopredal\"},\"image\":{\"@id\":\"https:\\\/\\\/www.stopredal.com\\\/#\\\/schema\\\/logo\\\/image\\\/\"}}]}<\/script>\n<!-- \/ Yoast SEO plugin. -->","yoast_head_json":{"title":"CONTACTO - Stopredal","robots":{"index":"index","follow":"follow","max-snippet":"max-snippet:-1","max-image-preview":"max-image-preview:large","max-video-preview":"max-video-preview:-1"},"canonical":"https:\/\/www.stopredal.com\/ca\/contacto\/","og_locale":"ca_ES","og_type":"article","og_title":"CONTACTO - Stopredal","og_description":"CONTACTO +34 670790164 info@stopredal.com Rambla del Mestre Pere Pou, 13, Local 1 08184 Palau-solit\u00e0 i Plegamans, Barcelona, Espa\u00f1a DL a DV 09:00-14h | 16:00-19h","og_url":"https:\/\/www.stopredal.com\/ca\/contacto\/","og_site_name":"Stopredal","article_modified_time":"2025-05-20T11:16:31+00:00","og_image":[{"url":"https:\/\/www.stopredal.com\/wp-content\/themes\/vw-lawyer-attorney\/images\/icon2.png","type":"","width":"","height":""}],"twitter_card":"summary_large_image","schema":{"@context":"https:\/\/schema.org","@graph":[{"@type":"WebPage","@id":"https:\/\/www.stopredal.com\/contacto\/","url":"https:\/\/www.stopredal.com\/contacto\/","name":"CONTACTO - Stopredal","isPartOf":{"@id":"https:\/\/www.stopredal.com\/#website"},"primaryImageOfPage":{"@id":"https:\/\/www.stopredal.com\/contacto\/#primaryimage"},"image":{"@id":"https:\/\/www.stopredal.com\/contacto\/#primaryimage"},"thumbnailUrl":"https:\/\/www.stopredal.com\/wp-content\/themes\/vw-lawyer-attorney\/images\/icon2.png","datePublished":"2024-12-17T12:33:01+00:00","dateModified":"2025-05-20T11:16:31+00:00","breadcrumb":{"@id":"https:\/\/www.stopredal.com\/contacto\/#breadcrumb"},"inLanguage":"ca","potentialAction":[{"@type":"ReadAction","target":["https:\/\/www.stopredal.com\/contacto\/"]}]},{"@type":"ImageObject","inLanguage":"ca","@id":"https:\/\/www.stopredal.com\/contacto\/#primaryimage","url":"https:\/\/www.stopredal.com\/wp-content\/themes\/vw-lawyer-attorney\/images\/icon2.png","contentUrl":"https:\/\/www.stopredal.com\/wp-content\/themes\/vw-lawyer-attorney\/images\/icon2.png"},{"@type":"BreadcrumbList","@id":"https:\/\/www.stopredal.com\/contacto\/#breadcrumb","itemListElement":[{"@type":"ListItem","position":1,"name":"Portada","item":"https:\/\/www.stopredal.com\/"},{"@type":"ListItem","position":2,"name":"CONTACTO"}]},{"@type":"WebSite","@id":"https:\/\/www.stopredal.com\/#website","url":"https:\/\/www.stopredal.com\/","name":"Stopredal","description":"Stopredal","publisher":{"@id":"https:\/\/www.stopredal.com\/#organization"},"potentialAction":[{"@type":"SearchAction","target":{"@type":"EntryPoint","urlTemplate":"https:\/\/www.stopredal.com\/?s={search_term_string}"},"query-input":{"@type":"PropertyValueSpecification","valueRequired":true,"valueName":"search_term_string"}}],"inLanguage":"ca"},{"@type":"Organization","@id":"https:\/\/www.stopredal.com\/#organization","name":"Stopredal","url":"https:\/\/www.stopredal.com\/","logo":{"@type":"ImageObject","inLanguage":"ca","@id":"https:\/\/www.stopredal.com\/#\/schema\/logo\/image\/","url":"https:\/\/www.stopredal.com\/wp-content\/uploads\/2024\/09\/cropped-LOGO_SR_FuenteBlanco_Contornos-FAVICON-copia-3.png","contentUrl":"https:\/\/www.stopredal.com\/wp-content\/uploads\/2024\/09\/cropped-LOGO_SR_FuenteBlanco_Contornos-FAVICON-copia-3.png","width":240,"height":240,"caption":"Stopredal"},"image":{"@id":"https:\/\/www.stopredal.com\/#\/schema\/logo\/image\/"}}]}},"_links":{"self":[{"href":"https:\/\/www.stopredal.com\/ca\/wp-json\/wp\/v2\/pages\/75","targetHints":{"allow":["GET"]}}],"collection":[{"href":"https:\/\/www.stopredal.com\/ca\/wp-json\/wp\/v2\/pages"}],"about":[{"href":"https:\/\/www.stopredal.com\/ca\/wp-json\/wp\/v2\/types\/page"}],"author":[{"embeddable":true,"href":"https:\/\/www.stopredal.com\/ca\/wp-json\/wp\/v2\/users\/1"}],"replies":[{"embeddable":true,"href":"https:\/\/www.stopredal.com\/ca\/wp-json\/wp\/v2\/comments?post=75"}],"version-history":[{"count":19,"href":"https:\/\/www.stopredal.com\/ca\/wp-json\/wp\/v2\/pages\/75\/revisions"}],"predecessor-version":[{"id":27019,"href":"https:\/\/www.stopredal.com\/ca\/wp-json\/wp\/v2\/pages\/75\/revisions\/27019"}],"wp:attachment":[{"href":"https:\/\/www.stopredal.com\/ca\/wp-json\/wp\/v2\/media?parent=75"}],"curies":[{"name":"wp","href":"https:\/\/api.w.org\/{rel}","templated":true}]}}